{"id":7,"date":"2014-01-20T17:07:29","date_gmt":"2014-01-20T15:07:29","guid":{"rendered":"http:\/\/alabonheur.ch\/?page_id=7"},"modified":"2014-01-20T23:44:14","modified_gmt":"2014-01-20T21:44:14","slug":"ueber-alabonheur-ch","status":"publish","type":"page","link":"https:\/\/alabonheur.ch\/?page_id=7","title":{"rendered":"\u00dcber alabonheur.ch"},"content":{"rendered":"<div class = \"tts-body-text\"><p>Welcome, Willkommen, Servus, Sal\u00fc, \u00e0 la Bonheur,<\/p>\n<p>Es freut mich ausserordendlich, Sie auf alabonheur.ch begr\u00fcssen zu d\u00fcrfen. Ich gehe davon aus, dass Sie sich gefragt haben, was denn alabonheur.ch sein soll. Sonst h\u00e4tten Sie wohl nicht auf &#8222;\u00dcber alabonheur.ch&#8220; geklickt. Richtig? Desweiteren haben Sie vielleicht auch zu sich gesagt &#8222;Heilandlant isch di\u00e4 Sit\u00e4 langsam!&#8220;. Ich m\u00f6chte darum an dieser Stelle diese zwei Dinge kl\u00e4ren.<\/p>\n<p>1. alabonheur.ch ist alabonheur.ch. Nichts mehr nichts weniger.<\/p>\n<p>2. sorry, das ist halt so, denn alabonheur.ch l\u00e4uft auf einem Raspberry Pi. Der ist klein und langsam. Daf\u00fcr ultra-cool! Sie m\u00fcssen also einfach Geduld haben.<\/p>\n<p>H\u00e4tten wir das gekl\u00e4rt. Ich werde jetzt noch ein sch\u00f6nes Bild von einem Sonnenuntergang anf\u00fcgen und dann das &#8222;\u00dcber alabonheur.ch&#8220; abschliessen. Wenn weitere Fragen auftauchen, bitte ich Sie diese als Kommentar zu stellen. Ich werde versuchen alle Fragen pers\u00f6nlich zu beantworten.<\/p>\n<p>Dann mal viel Spass beim Surfen.<\/p>\n<p>Liebe Gr\u00fcsse und\u00a0\u00e0 la bonheur<br \/>\nIhr Admin<\/p>\n<div id=\"attachment_11\" style=\"width: 650px\" class=\"wp-caption alignnone\"><a href=\"http:\/\/alabonheur.ch\/wp-content\/uploads\/2014\/01\/P1060162-2.jpg\"><img loading=\"lazy\" decoding=\"async\" aria-describedby=\"caption-attachment-11\" class=\"size-full wp-image-11\" alt=\"Das sch\u00f6ne Bild vom Sonnenuntergang\" src=\"http:\/\/alabonheur.ch\/wp-content\/uploads\/2014\/01\/P1060162-2.jpg\" width=\"640\" height=\"480\" \/><\/a><p id=\"caption-attachment-11\" class=\"wp-caption-text\">Das sch\u00f6ne Bild vom Sonnenuntergang<\/p><\/div>\n<\/div><div class=\"tts-container\">\n\t\t\t\t\t\t\t\t<div class=\"tts-buttoncontainer\">\n\t\t\t\t\t\t\t\t<a name=\"listenbutton\" style=\"color:#505261; outline:0; text-decoration:none;\" class=\"listenbuttonbase\" href=\"javascript:void(null)\" id=\"listenbutton7\" onclick=\"ttsengine_processTTS(this);\">\n\t\t\t\t\t\t\t\t<em><\/em>\n\t\t\t\t\t\t\t\tH\u00f6ren<\/a><\/div>\n\t\t\t\t\t\t\t\t<div class=\"tts-imagecontainer\" id=\"tts-imagecontainer7\"><\/div><\/div>","protected":false},"excerpt":{"rendered":"<p>Welcome, Willkommen, Servus, Sal\u00fc, \u00e0 la Bonheur, Es freut mich ausserordendlich, Sie auf alabonheur.ch begr\u00fcssen zu d\u00fcrfen. Ich gehe davon aus, dass Sie sich gefragt haben, was denn alabonheur.ch sein soll. Sonst h\u00e4tten Sie wohl nicht auf &#8222;\u00dcber alabonheur.ch&#8220; geklickt. Richtig? Desweiteren haben Sie vielleicht auch zu sich gesagt &#8222;Heilandlant isch di\u00e4 Sit\u00e4 langsam!&#8220;. Ich [&hellip;]<\/p>\n","protected":false},"author":1,"featured_media":14,"parent":0,"menu_order":0,"comment_status":"open","ping_status":"open","template":"","meta":{"footnotes":""},"class_list":["post-7","page","type-page","status-publish","has-post-thumbnail","hentry"],"_links":{"self":[{"href":"https:\/\/alabonheur.ch\/index.php?rest_route=\/wp\/v2\/pages\/7","targetHints":{"allow":["GET"]}}],"collection":[{"href":"https:\/\/alabonheur.ch\/index.php?rest_route=\/wp\/v2\/pages"}],"about":[{"href":"https:\/\/alabonheur.ch\/index.php?rest_route=\/wp\/v2\/types\/page"}],"author":[{"embeddable":true,"href":"https:\/\/alabonheur.ch\/index.php?rest_route=\/wp\/v2\/users\/1"}],"replies":[{"embeddable":true,"href":"https:\/\/alabonheur.ch\/index.php?rest_route=%2Fwp%2Fv2%2Fcomments&post=7"}],"version-history":[{"count":5,"href":"https:\/\/alabonheur.ch\/index.php?rest_route=\/wp\/v2\/pages\/7\/revisions"}],"predecessor-version":[{"id":45,"href":"https:\/\/alabonheur.ch\/index.php?rest_route=\/wp\/v2\/pages\/7\/revisions\/45"}],"wp:featuredmedia":[{"embeddable":true,"href":"https:\/\/alabonheur.ch\/index.php?rest_route=\/wp\/v2\/media\/14"}],"wp:attachment":[{"href":"https:\/\/alabonheur.ch\/index.php?rest_route=%2Fwp%2Fv2%2Fmedia&parent=7"}],"curies":[{"name":"wp","href":"https:\/\/api.w.org\/{rel}","templated":true}]}}