{"id":47,"date":"2014-01-20T20:35:49","date_gmt":"2014-01-20T18:35:49","guid":{"rendered":"http:\/\/alabonheur.ch\/?page_id=47"},"modified":"2014-04-15T23:31:20","modified_gmt":"2014-04-15T21:31:20","slug":"newsletter","status":"publish","type":"page","link":"https:\/\/alabonheur.ch\/?page_id=47","title":{"rendered":"Newsletter"},"content":{"rendered":"<div class = \"tts-body-text\"><p>Hier kann man sich f\u00fcr den Newsletter von alabonheur.ch anmelden. Man muss dazu nur die eMail Adresse angeben. Das ist nicht viel, daf\u00fcr gibt es aber auch keine personalisierten eMails. Wer so etwas m\u00f6chte, muss sich bei einem anderen Newsletter anmelden, denn hier wird das nicht gemacht.<\/p>\n<p><span style=\"line-height: 1.5em;\"><p><div class=\"tnp tnp-subscription \">\n<form method=\"post\" action=\"https:\/\/alabonheur.ch\/wp-admin\/admin-ajax.php?action=tnp&amp;na=s\">\n<input type=\"hidden\" name=\"nlang\" value=\"\">\n<div class=\"tnp-field tnp-field-email\"><label for=\"tnp-1\">Email<\/label>\n<input class=\"tnp-email\" type=\"email\" name=\"ne\" id=\"tnp-1\" value=\"\" placeholder=\"\" required><\/div>\n<div class=\"tnp-field tnp-field-button\" style=\"text-align: left\"><input class=\"tnp-submit\" type=\"submit\" value=\"Subscribe\" style=\"\">\n<\/div>\n<\/form>\n<\/div>\n<\/p><\/span><\/p>\n<div id=\"attachment_55\" style=\"width: 490px\" class=\"wp-caption alignnone\"><a href=\"http:\/\/alabonheur.ch\/wp-content\/uploads\/2014\/01\/affe-klein.jpg\"><img loading=\"lazy\" decoding=\"async\" aria-describedby=\"caption-attachment-55\" class=\"size-full wp-image-55\" alt=\"Der Spamaffe achtet immer darauf, dass nicht zu viel M\u00fcll gesendet wird.\" src=\"http:\/\/alabonheur.ch\/wp-content\/uploads\/2014\/01\/affe-klein.jpg\" width=\"480\" height=\"640\" \/><\/a><p id=\"caption-attachment-55\" class=\"wp-caption-text\">Der Spamaffe achtet immer darauf, dass nicht zu viel M\u00fcll gesendet wird.<\/p><\/div>\n<p>&nbsp;<\/p>\n<\/div><div class=\"tts-container\">\n\t\t\t\t\t\t\t\t<div class=\"tts-buttoncontainer\">\n\t\t\t\t\t\t\t\t<a name=\"listenbutton\" style=\"color:#505261; outline:0; text-decoration:none;\" class=\"listenbuttonbase\" href=\"javascript:void(null)\" id=\"listenbutton47\" onclick=\"ttsengine_processTTS(this);\">\n\t\t\t\t\t\t\t\t<em><\/em>\n\t\t\t\t\t\t\t\tH\u00f6ren<\/a><\/div>\n\t\t\t\t\t\t\t\t<div class=\"tts-imagecontainer\" id=\"tts-imagecontainer47\"><\/div><\/div>","protected":false},"excerpt":{"rendered":"<p>Hier kann man sich f\u00fcr den Newsletter von alabonheur.ch anmelden. Man muss dazu nur die eMail Adresse angeben. Das ist nicht viel, daf\u00fcr gibt es aber auch keine personalisierten eMails. Wer so etwas m\u00f6chte, muss sich bei einem anderen Newsletter anmelden, denn hier wird das nicht gemacht. &nbsp; H\u00f6ren<\/p>\n","protected":false},"author":1,"featured_media":0,"parent":0,"menu_order":0,"comment_status":"closed","ping_status":"closed","template":"","meta":{"footnotes":""},"class_list":["post-47","page","type-page","status-publish","hentry"],"_links":{"self":[{"href":"https:\/\/alabonheur.ch\/index.php?rest_route=\/wp\/v2\/pages\/47","targetHints":{"allow":["GET"]}}],"collection":[{"href":"https:\/\/alabonheur.ch\/index.php?rest_route=\/wp\/v2\/pages"}],"about":[{"href":"https:\/\/alabonheur.ch\/index.php?rest_route=\/wp\/v2\/types\/page"}],"author":[{"embeddable":true,"href":"https:\/\/alabonheur.ch\/index.php?rest_route=\/wp\/v2\/users\/1"}],"replies":[{"embeddable":true,"href":"https:\/\/alabonheur.ch\/index.php?rest_route=%2Fwp%2Fv2%2Fcomments&post=47"}],"version-history":[{"count":6,"href":"https:\/\/alabonheur.ch\/index.php?rest_route=\/wp\/v2\/pages\/47\/revisions"}],"predecessor-version":[{"id":273,"href":"https:\/\/alabonheur.ch\/index.php?rest_route=\/wp\/v2\/pages\/47\/revisions\/273"}],"wp:attachment":[{"href":"https:\/\/alabonheur.ch\/index.php?rest_route=%2Fwp%2Fv2%2Fmedia&parent=47"}],"curies":[{"name":"wp","href":"https:\/\/api.w.org\/{rel}","templated":true}]}}